{"id":94,"date":"2026-02-23T01:16:41","date_gmt":"2026-02-23T01:16:41","guid":{"rendered":"https:\/\/fundacion-er.cl\/?page_id=94"},"modified":"2026-02-24T22:39:40","modified_gmt":"2026-02-24T22:39:40","slug":"fundacion-espiritu-regional","status":"publish","type":"page","link":"https:\/\/fundacion-er.cl\/","title":{"rendered":"Fundaci\u00f3n Esp\u00edritu Regional"},"content":{"rendered":"<p>Nuestra misi\u00f3n es ser un catalizador de cambio, conectando a l\u00edderes, organizaciones y el sector p\u00fablico para trabajar juntos hacia un futuro m\u00e1s pr\u00f3spero y equitativo para todos.<\/p>\n","protected":false},"excerpt":{"rendered":"<p>Nuestra misi\u00f3n es ser un catalizador de cambio, conectando a l\u00edderes, organizaciones y el sector p\u00fablico para trabajar juntos hacia un futuro m\u00e1s pr\u00f3spero y equitativo para todos.<\/p>\n","protected":false},"author":2,"featured_media":65,"parent":87,"menu_order":0,"comment_status":"closed","ping_status":"closed","template":"","meta":{"footnotes":""},"class_list":["post-94","page","type-page","status-publish","has-post-thumbnail","hentry"],"_links":{"self":[{"href":"https:\/\/fundacion-er.cl\/index.php\/wp-json\/wp\/v2\/pages\/94","targetHints":{"allow":["GET"]}}],"collection":[{"href":"https:\/\/fundacion-er.cl\/index.php\/wp-json\/wp\/v2\/pages"}],"about":[{"href":"https:\/\/fundacion-er.cl\/index.php\/wp-json\/wp\/v2\/types\/page"}],"author":[{"embeddable":true,"href":"https:\/\/fundacion-er.cl\/index.php\/wp-json\/wp\/v2\/users\/2"}],"replies":[{"embeddable":true,"href":"https:\/\/fundacion-er.cl\/index.php\/wp-json\/wp\/v2\/comments?post=94"}],"version-history":[{"count":2,"href":"https:\/\/fundacion-er.cl\/index.php\/wp-json\/wp\/v2\/pages\/94\/revisions"}],"predecessor-version":[{"id":96,"href":"https:\/\/fundacion-er.cl\/index.php\/wp-json\/wp\/v2\/pages\/94\/revisions\/96"}],"up":[{"embeddable":true,"href":"https:\/\/fundacion-er.cl\/index.php\/wp-json\/wp\/v2\/pages\/87"}],"wp:featuredmedia":[{"embeddable":true,"href":"https:\/\/fundacion-er.cl\/index.php\/wp-json\/wp\/v2\/media\/65"}],"wp:attachment":[{"href":"https:\/\/fundacion-er.cl\/index.php\/wp-json\/wp\/v2\/media?parent=94"}],"curies":[{"name":"wp","href":"https:\/\/api.w.org\/{rel}","templated":true}]}}